{"id":23,"date":"2015-06-25T14:41:19","date_gmt":"2015-06-25T14:41:19","guid":{"rendered":"http:\/\/localhost:8888\/lacubana\/home\/?lang=es"},"modified":"2026-02-24T17:57:46","modified_gmt":"2026-02-24T17:57:46","slug":"inicio","status":"publish","type":"page","link":"https:\/\/www.lacubana.es\/es\/inicio\/","title":{"rendered":"HOME"},"content":{"rendered":"","protected":false},"excerpt":{"rendered":"<p> &hellip;<\/p>\n","protected":false},"author":1,"featured_media":0,"parent":0,"menu_order":0,"comment_status":"closed","ping_status":"closed","template":"hometemplate.php","meta":{"_acf_changed":false,"_et_pb_use_builder":"","_et_pb_old_content":"","_et_gb_content_width":"","_joinchat":[],"footnotes":""},"class_list":["post-23","page","type-page","status-publish","hentry"],"acf":[],"yoast_head":"<!-- This site is optimized with the Yoast SEO Premium plugin v22.0 (Yoast SEO v27.0) - https:\/\/yoast.com\/product\/yoast-seo-premium-wordpress\/ -->\n<title>La Cubana - Compa\u00f1\u00eda de teatro<\/title>\n<meta name=\"description\" content=\"La Cubana es una compa\u00f1\u00eda de teatro fundada en Sitges (Barcelona) en 1980. Nuestro teatro se basa en la observaci\u00f3n, recreando situaciones teatrales cotidianas, siempre en clave de humor, y que normalmente pasan inadvertidas como teatro. En nuestros espect\u00e1culos siempre repetimos las mismas constantes, tales como la transgresi\u00f3n de espacios, la sorpresa, el juego como expresi\u00f3n teatral y, sobre todo, sus personajes.\" \/>\n<meta name=\"robots\" content=\"index, follow, max-snippet:-1, max-image-preview:large, max-video-preview:-1\" \/>\n<link rel=\"canonical\" href=\"https:\/\/www.lacubana.es\/es\/inicio\/\" \/>\n<meta property=\"og:locale\" content=\"es_ES\" \/>\n<meta property=\"og:type\" content=\"article\" \/>\n<meta property=\"og:title\" content=\"HOME\" \/>\n<meta property=\"og:description\" content=\"La Cubana es una compa\u00f1\u00eda de teatro fundada en Sitges (Barcelona) en 1980. Nuestro teatro se basa en la observaci\u00f3n, recreando situaciones teatrales cotidianas, siempre en clave de humor, y que normalmente pasan inadvertidas como teatro. En nuestros espect\u00e1culos siempre repetimos las mismas constantes, tales como la transgresi\u00f3n de espacios, la sorpresa, el juego como expresi\u00f3n teatral y, sobre todo, sus personajes.\" \/>\n<meta property=\"og:url\" content=\"https:\/\/www.lacubana.es\/es\/inicio\/\" \/>\n<meta property=\"og:site_name\" content=\"La Cubana\" \/>\n<meta property=\"article:modified_time\" content=\"2026-02-24T17:57:46+00:00\" \/>\n<meta name=\"twitter:card\" content=\"summary_large_image\" \/>\n<script type=\"application\/ld+json\" class=\"yoast-schema-graph\">{\"@context\":\"https:\/\/schema.org\",\"@graph\":[{\"@type\":\"WebPage\",\"@id\":\"https:\/\/www.lacubana.es\/es\/inicio\/\",\"url\":\"https:\/\/www.lacubana.es\/es\/inicio\/\",\"name\":\"La Cubana - Compa\u00f1\u00eda de teatro\",\"isPartOf\":{\"@id\":\"https:\/\/www.lacubana.es\/#website\"},\"datePublished\":\"2015-06-25T14:41:19+00:00\",\"dateModified\":\"2026-02-24T17:57:46+00:00\",\"description\":\"La Cubana es una compa\u00f1\u00eda de teatro fundada en Sitges (Barcelona) en 1980. Nuestro teatro se basa en la observaci\u00f3n, recreando situaciones teatrales cotidianas, siempre en clave de humor, y que normalmente pasan inadvertidas como teatro. En nuestros espect\u00e1culos siempre repetimos las mismas constantes, tales como la transgresi\u00f3n de espacios, la sorpresa, el juego como expresi\u00f3n teatral y, sobre todo, sus personajes.\",\"breadcrumb\":{\"@id\":\"https:\/\/www.lacubana.es\/es\/inicio\/#breadcrumb\"},\"inLanguage\":\"es\",\"potentialAction\":[{\"@type\":\"ReadAction\",\"target\":[\"https:\/\/www.lacubana.es\/es\/inicio\/\"]}]},{\"@type\":\"BreadcrumbList\",\"@id\":\"https:\/\/www.lacubana.es\/es\/inicio\/#breadcrumb\",\"itemListElement\":[{\"@type\":\"ListItem\",\"position\":1,\"name\":\"Inici\",\"item\":\"https:\/\/www.lacubana.es\/es\/\"},{\"@type\":\"ListItem\",\"position\":2,\"name\":\"HOME\"}]},{\"@type\":\"WebSite\",\"@id\":\"https:\/\/www.lacubana.es\/#website\",\"url\":\"https:\/\/www.lacubana.es\/\",\"name\":\"La Cubana\",\"description\":\"Teatro La Cubana\",\"potentialAction\":[{\"@type\":\"SearchAction\",\"target\":{\"@type\":\"EntryPoint\",\"urlTemplate\":\"https:\/\/www.lacubana.es\/?s={search_term_string}\"},\"query-input\":{\"@type\":\"PropertyValueSpecification\",\"valueRequired\":true,\"valueName\":\"search_term_string\"}}],\"inLanguage\":\"es\"}]}<\/script>\n<!-- \/ Yoast SEO Premium plugin. -->","yoast_head_json":{"title":"La Cubana - Compa\u00f1\u00eda de teatro","description":"La Cubana es una compa\u00f1\u00eda de teatro fundada en Sitges (Barcelona) en 1980. Nuestro teatro se basa en la observaci\u00f3n, recreando situaciones teatrales cotidianas, siempre en clave de humor, y que normalmente pasan inadvertidas como teatro. En nuestros espect\u00e1culos siempre repetimos las mismas constantes, tales como la transgresi\u00f3n de espacios, la sorpresa, el juego como expresi\u00f3n teatral y, sobre todo, sus personajes.","robots":{"index":"index","follow":"follow","max-snippet":"max-snippet:-1","max-image-preview":"max-image-preview:large","max-video-preview":"max-video-preview:-1"},"canonical":"https:\/\/www.lacubana.es\/es\/inicio\/","og_locale":"es_ES","og_type":"article","og_title":"HOME","og_description":"La Cubana es una compa\u00f1\u00eda de teatro fundada en Sitges (Barcelona) en 1980. Nuestro teatro se basa en la observaci\u00f3n, recreando situaciones teatrales cotidianas, siempre en clave de humor, y que normalmente pasan inadvertidas como teatro. En nuestros espect\u00e1culos siempre repetimos las mismas constantes, tales como la transgresi\u00f3n de espacios, la sorpresa, el juego como expresi\u00f3n teatral y, sobre todo, sus personajes.","og_url":"https:\/\/www.lacubana.es\/es\/inicio\/","og_site_name":"La Cubana","article_modified_time":"2026-02-24T17:57:46+00:00","twitter_card":"summary_large_image","schema":{"@context":"https:\/\/schema.org","@graph":[{"@type":"WebPage","@id":"https:\/\/www.lacubana.es\/es\/inicio\/","url":"https:\/\/www.lacubana.es\/es\/inicio\/","name":"La Cubana - Compa\u00f1\u00eda de teatro","isPartOf":{"@id":"https:\/\/www.lacubana.es\/#website"},"datePublished":"2015-06-25T14:41:19+00:00","dateModified":"2026-02-24T17:57:46+00:00","description":"La Cubana es una compa\u00f1\u00eda de teatro fundada en Sitges (Barcelona) en 1980. Nuestro teatro se basa en la observaci\u00f3n, recreando situaciones teatrales cotidianas, siempre en clave de humor, y que normalmente pasan inadvertidas como teatro. En nuestros espect\u00e1culos siempre repetimos las mismas constantes, tales como la transgresi\u00f3n de espacios, la sorpresa, el juego como expresi\u00f3n teatral y, sobre todo, sus personajes.","breadcrumb":{"@id":"https:\/\/www.lacubana.es\/es\/inicio\/#breadcrumb"},"inLanguage":"es","potentialAction":[{"@type":"ReadAction","target":["https:\/\/www.lacubana.es\/es\/inicio\/"]}]},{"@type":"BreadcrumbList","@id":"https:\/\/www.lacubana.es\/es\/inicio\/#breadcrumb","itemListElement":[{"@type":"ListItem","position":1,"name":"Inici","item":"https:\/\/www.lacubana.es\/es\/"},{"@type":"ListItem","position":2,"name":"HOME"}]},{"@type":"WebSite","@id":"https:\/\/www.lacubana.es\/#website","url":"https:\/\/www.lacubana.es\/","name":"La Cubana","description":"Teatro La Cubana","potentialAction":[{"@type":"SearchAction","target":{"@type":"EntryPoint","urlTemplate":"https:\/\/www.lacubana.es\/?s={search_term_string}"},"query-input":{"@type":"PropertyValueSpecification","valueRequired":true,"valueName":"search_term_string"}}],"inLanguage":"es"}]}},"_links":{"self":[{"href":"https:\/\/www.lacubana.es\/es\/wp-json\/wp\/v2\/pages\/23","targetHints":{"allow":["GET"]}}],"collection":[{"href":"https:\/\/www.lacubana.es\/es\/wp-json\/wp\/v2\/pages"}],"about":[{"href":"https:\/\/www.lacubana.es\/es\/wp-json\/wp\/v2\/types\/page"}],"author":[{"embeddable":true,"href":"https:\/\/www.lacubana.es\/es\/wp-json\/wp\/v2\/users\/1"}],"replies":[{"embeddable":true,"href":"https:\/\/www.lacubana.es\/es\/wp-json\/wp\/v2\/comments?post=23"}],"version-history":[{"count":1,"href":"https:\/\/www.lacubana.es\/es\/wp-json\/wp\/v2\/pages\/23\/revisions"}],"predecessor-version":[{"id":498944,"href":"https:\/\/www.lacubana.es\/es\/wp-json\/wp\/v2\/pages\/23\/revisions\/498944"}],"wp:attachment":[{"href":"https:\/\/www.lacubana.es\/es\/wp-json\/wp\/v2\/media?parent=23"}],"curies":[{"name":"wp","href":"https:\/\/api.w.org\/{rel}","templated":true}]}}